{"id":2,"date":"2017-04-17T06:06:35","date_gmt":"2017-04-16T21:06:35","guid":{"rendered":"https:\/\/soroban-schule.de\/de\/?page_id=2"},"modified":"2022-02-14T14:35:39","modified_gmt":"2022-02-14T13:35:39","slug":"lernen-mit-dem-abakus","status":"publish","type":"page","link":"https:\/\/soroban-schule.de\/de\/","title":{"rendered":"Lernen mit dem Abakus"},"content":{"rendered":"<!-- \/wp:html -->\r\n<h2>Rechnen wird ein spannendes Spiel!<\/h2>\r\n<p>Ja!!!!!<img data-attachment-id=\"180\" data-permalink=\"https:\/\/soroban-schule.de\/de\/lernen-mit-dem-abakus\/sdr\/\" data-orig-file=\"https:\/\/i1.wp.com\/soroban-schule.de\/de\/wp-content\/uploads\/sites\/2\/2019\/04\/IMG_20190227_150409.jpg?fit=540%2C1105&amp;ssl=1\" data-orig-size=\"540,1105\" data-comments-opened=\"1\" data-image-meta=\"{&quot;aperture&quot;:&quot;1.8&quot;,&quot;credit&quot;:&quot;&quot;,&quot;camera&quot;:&quot;JSN-L21&quot;,&quot;caption&quot;:&quot;sdr&quot;,&quot;created_timestamp&quot;:&quot;1551279850&quot;,&quot;copyright&quot;:&quot;&quot;,&quot;focal_length&quot;:&quot;3.96&quot;,&quot;iso&quot;:&quot;64&quot;,&quot;shutter_speed&quot;:&quot;0.02&quot;,&quot;title&quot;:&quot;sdr&quot;,&quot;orientation&quot;:&quot;1&quot;}\" data-image-title=\"\" data-image-description=\"\" data-image-caption=\"\" data-medium-file=\"https:\/\/i1.wp.com\/soroban-schule.de\/de\/wp-content\/uploads\/sites\/2\/2019\/04\/IMG_20190227_150409.jpg?fit=147%2C300&amp;ssl=1\" data-large-file=\"https:\/\/i1.wp.com\/soroban-schule.de\/de\/wp-content\/uploads\/sites\/2\/2019\/04\/IMG_20190227_150409.jpg?fit=500%2C1024&amp;ssl=1\" loading=\"lazy\" class=\"alignright size-medium wp-image-180\" src=\"https:\/\/i1.wp.com\/soroban-schule.de\/de\/wp-content\/uploads\/sites\/2\/2019\/04\/IMG_20190227_150409.jpg?resize=147%2C300&#038;ssl=1\" alt=\"\" width=\"147\" height=\"300\" srcset=\"https:\/\/i1.wp.com\/soroban-schule.de\/de\/wp-content\/uploads\/sites\/2\/2019\/04\/IMG_20190227_150409.jpg?resize=147%2C300&amp;ssl=1 147w, https:\/\/i1.wp.com\/soroban-schule.de\/de\/wp-content\/uploads\/sites\/2\/2019\/04\/IMG_20190227_150409.jpg?resize=500%2C1024&amp;ssl=1 500w, https:\/\/i1.wp.com\/soroban-schule.de\/de\/wp-content\/uploads\/sites\/2\/2019\/04\/IMG_20190227_150409.jpg?w=540&amp;ssl=1 540w\" sizes=\"(max-width: 147px) 100vw, 147px\" data-recalc-dims=\"1\" \/><\/p>\r\n<p>So aufgeregt sind und freuen sich die Kinder beim Rechnen mit dem Abakus.<\/p>\r\n<p>Rechnen ist f\u00fcr sie ein spannendes Spiel.\u00a0<\/p>\r\n<p>Daf\u00fcr muss man sehr gut konzentrieren, sehr gut zuh\u00f6ren und schnell mit Finger reagieren.<\/p>\r\n<p>Abakustraining f\u00f6rdert die Konzentrationsf\u00e4higkeit, Ged\u00e4chtnis, Selbstvertrauen und nat\u00fcrlich Mathef\u00e4higkeit.<\/p>\r\n<h2>Japanische Abakus, SOROBAN<\/h2>\r\n<p><img data-attachment-id=\"182\" data-permalink=\"https:\/\/soroban-schule.de\/de\/lernen-mit-dem-abakus\/rpt\/\" data-orig-file=\"https:\/\/i1.wp.com\/soroban-schule.de\/de\/wp-content\/uploads\/sites\/2\/2019\/04\/IMG_20190408_130700.jpg?fit=1200%2C778&amp;ssl=1\" data-orig-size=\"1200,778\" data-comments-opened=\"1\" data-image-meta=\"{&quot;aperture&quot;:&quot;4&quot;,&quot;credit&quot;:&quot;&quot;,&quot;camera&quot;:&quot;JSN-L21&quot;,&quot;caption&quot;:&quot;rpt&quot;,&quot;created_timestamp&quot;:&quot;1554728823&quot;,&quot;copyright&quot;:&quot;&quot;,&quot;focal_length&quot;:&quot;3.96&quot;,&quot;iso&quot;:&quot;50&quot;,&quot;shutter_speed&quot;:&quot;0.01&quot;,&quot;title&quot;:&quot;rpt&quot;,&quot;orientation&quot;:&quot;1&quot;}\" data-image-title=\"\" data-image-description=\"\" data-image-caption=\"\" data-medium-file=\"https:\/\/i1.wp.com\/soroban-schule.de\/de\/wp-content\/uploads\/sites\/2\/2019\/04\/IMG_20190408_130700.jpg?fit=300%2C195&amp;ssl=1\" data-large-file=\"https:\/\/i1.wp.com\/soroban-schule.de\/de\/wp-content\/uploads\/sites\/2\/2019\/04\/IMG_20190408_130700.jpg?fit=640%2C415&amp;ssl=1\" loading=\"lazy\" class=\"alignleft size-medium wp-image-182\" src=\"https:\/\/i1.wp.com\/soroban-schule.de\/de\/wp-content\/uploads\/sites\/2\/2019\/04\/IMG_20190408_130700.jpg?resize=300%2C195&#038;ssl=1\" alt=\"\" width=\"300\" height=\"195\" srcset=\"https:\/\/i1.wp.com\/soroban-schule.de\/de\/wp-content\/uploads\/sites\/2\/2019\/04\/IMG_20190408_130700.jpg?resize=300%2C195&amp;ssl=1 300w, https:\/\/i1.wp.com\/soroban-schule.de\/de\/wp-content\/uploads\/sites\/2\/2019\/04\/IMG_20190408_130700.jpg?resize=768%2C498&amp;ssl=1 768w, https:\/\/i1.wp.com\/soroban-schule.de\/de\/wp-content\/uploads\/sites\/2\/2019\/04\/IMG_20190408_130700.jpg?resize=1024%2C664&amp;ssl=1 1024w, https:\/\/i1.wp.com\/soroban-schule.de\/de\/wp-content\/uploads\/sites\/2\/2019\/04\/IMG_20190408_130700.jpg?w=1200&amp;ssl=1 1200w\" sizes=\"(max-width: 300px) 100vw, 300px\" data-recalc-dims=\"1\" \/>Der Abakus, der heute in ganzen Welt beliebt ist, ist in Japan vor ca. 80 Jahre erfunden.<\/p>\r\n<p>Es visualisiert die Zehnersystem. Sogar man kann damit ganz schnell addieren, subtrahieren, multiplizieren und dividieren egal ob es Dezimal oder Negativ Zahlen ist.<\/p>\r\n<p><strong>Taschenrechner vs Abakus<\/strong><\/p>\r\n<p>Der Taschenrechner ist ein Blackbox. Alle Prozess ist dahinter versteckt. Man braucht kein Verst\u00e4ndnis beim Rechnen. Es ist schon genug, nur die Zahlen einzugeben, ohne Verst\u00e4ndnis, ohne zu denken. Dann bekommt man das Ergebnis. Heute sind leider viele Kinder von Taschenrechner abh\u00e4ngig. Dar\u00fcber leidet viele Lehrer.\u00a0<\/p>\r\n<p>Dagegen zeigt Abakus alle Prozess visuell ganz klar damit kann man gut verstehen was beim Rechnen passiert. \u00dcben als spannendes Spiel und das Rechnen gut verstehen, beherrschen!\u00a0Wir denken, dass Abakus rettet viele Kinder, die nicht Mathe m\u00f6gen.\u00a0\u00a0<\/p>\r\n<h2 id=\"cc-m-header-11140847649\" class=\"\">Vorteil des Sorobans<\/h2>\r\n<blockquote>\r\n<p><strong>\uff11\u3000Spa\u00df am Rechnen\/Kopfrechnen<\/strong><br \/><strong>\uff12\u3000Konzentration\u00a0\u00a0<\/strong><br \/><strong>\uff13\u3000Ged\u00e4chtnis<\/strong><br \/><strong>\uff14\u3000Selbstvertrauen<\/strong><br \/><strong>5\u3000Kreativit\u00e4t (durch Aktivierung der rechte Gehirnh\u00e4lfte)<\/strong><\/p>\r\n<\/blockquote>\r\n<h2 class=\"\">\u00a0SOROBAN Schule in&#8230;<\/h2>\r\n<!-- wp:button {\"className\":\"is-style-squared\"} -->\r\n<div>\u00a0<\/div>\r\n<div class=\"wp-block-button is-style-squared\" style=\"text-align: right;\"><a class=\"wp-block-button__link\" href=\"https:\/\/soroban-schule.de\/de\/duesseldorf\/\">D\u00fcsseldorf\u00a0 \u00a0Hansaallee<\/a><\/div>\r\n<div>\u00a0<\/div>\r\n<!-- wp:heading -->\r\n<h2>Kontakt<\/h2>\r\n<!-- \/wp:heading -->\r\n\r\n<!-- wp:paragraph -->\r\n<p>Shigenobu Yamakata<\/p>\r\n<!-- \/wp:paragraph -->\r\n\r\n<!-- wp:paragraph -->\r\n<p><strong>E-Mail: soroban.essen(at)jinenbo.com<\/strong><\/p>\r\n<!-- \/wp:paragraph -->\r\n\r\n<!-- wp:paragraph --><!-- \/wp:paragraph -->\r\n\r\n<!-- wp:heading {\"level\":4} -->","protected":false},"excerpt":{"rendered":"Rechnen wird ein spannendes Spiel! Ja!!!!! So aufgeregt sind und freuen sich die Kinder beim Rechnen mit dem A &#8230;","protected":false},"author":1,"featured_media":0,"parent":0,"menu_order":0,"comment_status":"closed","ping_status":"closed","template":"","meta":{"spay_email":""},"aioseo_notices":[],"jetpack_sharing_enabled":true,"jetpack_shortlink":"https:\/\/wp.me\/PaTo5J-2","jetpack-related-posts":[{"id":211,"url":"https:\/\/soroban-schule.de\/de\/competition\/","url_meta":{"origin":2,"position":0},"title":"\u301005.Okt 2019\u3011 Japanese Abacus Festival!","date":"25\/06\/2019","format":false,"excerpt":"\u00a0 Das erste Abacus Festival in Deutschland! T\u2026","rel":"","context":"\u985e\u4f3c\u6295\u7a3f","img":{"alt_text":"","src":"https:\/\/i2.wp.com\/soroban-schule.de\/de\/wp-content\/uploads\/sites\/2\/2019\/09\/bddc7ec736b938ff9ac9ca2bc7ceaa55.png?resize=350%2C200&ssl=1","width":350,"height":200},"classes":[]},{"id":24,"url":"https:\/\/soroban-schule.de\/de\/duesseldorf\/","url_meta":{"origin":2,"position":1},"title":"Abakuskurs in D\u00fcsseldorf, Hansaallee","date":"18\/04\/2017","format":false,"excerpt":"Kopfrechnen mit Air-Soroban \u00a0 Sieh dir diesen\u2026","rel":"","context":"\u985e\u4f3c\u6295\u7a3f","img":{"alt_text":"","src":"https:\/\/i2.wp.com\/soroban-schule.de\/de\/wp-content\/uploads\/sites\/2\/2019\/01\/161d30dd24aabfaf2d067e4e661d2763.jpg?fit=1200%2C482&ssl=1&resize=350%2C200","width":350,"height":200},"classes":[]},{"id":19,"url":"https:\/\/soroban-schule.de\/de\/dj-teelounge\/","url_meta":{"origin":2,"position":2},"title":"Deutsch-Japanische Tee-Lounge","date":"17\/04\/2017","format":false,"excerpt":"Lust Euch gem\u00fctlich auf Deutsch und Japanisch zu u\u2026","rel":"","context":"\u985e\u4f3c\u6295\u7a3f","img":{"alt_text":"","src":"https:\/\/i0.wp.com\/soroban-schule.de\/de\/wp-content\/uploads\/sites\/2\/2019\/01\/image18-e1547500582311.jpg?resize=350%2C200&ssl=1","width":350,"height":200},"classes":[]}],"_links":{"self":[{"href":"https:\/\/soroban-schule.de\/de\/wp-json\/wp\/v2\/pages\/2"}],"collection":[{"href":"https:\/\/soroban-schule.de\/de\/wp-json\/wp\/v2\/pages"}],"about":[{"href":"https:\/\/soroban-schule.de\/de\/wp-json\/wp\/v2\/types\/page"}],"author":[{"embeddable":true,"href":"https:\/\/soroban-schule.de\/de\/wp-json\/wp\/v2\/users\/1"}],"replies":[{"embeddable":true,"href":"https:\/\/soroban-schule.de\/de\/wp-json\/wp\/v2\/comments?post=2"}],"version-history":[{"count":49,"href":"https:\/\/soroban-schule.de\/de\/wp-json\/wp\/v2\/pages\/2\/revisions"}],"predecessor-version":[{"id":1043,"href":"https:\/\/soroban-schule.de\/de\/wp-json\/wp\/v2\/pages\/2\/revisions\/1043"}],"wp:attachment":[{"href":"https:\/\/soroban-schule.de\/de\/wp-json\/wp\/v2\/media?parent=2"}],"curies":[{"name":"wp","href":"https:\/\/api.w.org\/{rel}","templated":true}]}}